{"id":9,"date":"2023-10-10T23:42:33","date_gmt":"2023-10-10T20:42:33","guid":{"rendered":"https:\/\/zazzamobilya.com\/?page_id=9"},"modified":"2023-10-13T13:38:05","modified_gmt":"2023-10-13T10:38:05","slug":"elementor-9","status":"publish","type":"page","link":"https:\/\/zazzamobilya.com\/","title":{"rendered":"Elementor #9"},"content":{"rendered":"\t\t<div data-elementor-type=\"wp-page\" data-elementor-id=\"9\" class=\"elementor elementor-9\">\n\t\t\t\t\t\t\t<div class=\"elementor-element elementor-element-4fb4993 e-flex e-con-boxed e-con e-parent\" data-id=\"4fb4993\" data-element_type=\"container\" data-settings=\"{&quot;content_width&quot;:&quot;boxed&quot;}\" data-core-v316-plus=\"true\">\n\t\t\t\t\t<div class=\"e-con-inner\">\n\t\t<div class=\"elementor-element elementor-element-edb1ea4 e-con-full e-flex e-con e-child\" data-id=\"edb1ea4\" data-element_type=\"container\" data-settings=\"{&quot;content_width&quot;:&quot;full&quot;}\">\n\t\t\t\t<div class=\"elementor-element elementor-element-da71389 elementor-widget elementor-widget-image\" data-id=\"da71389\" data-element_type=\"widget\" data-widget_type=\"image.default\">\n\t\t\t\t<div class=\"elementor-widget-container\">\n\t\t\t<style>\/*! elementor - v3.16.0 - 09-10-2023 *\/\n.elementor-widget-image{text-align:center}.elementor-widget-image a{display:inline-block}.elementor-widget-image a img[src$=\".svg\"]{width:48px}.elementor-widget-image img{vertical-align:middle;display:inline-block}<\/style>\t\t\t\t\t\t\t\t\t\t\t\t\t<a href=\"https:\/\/zazzamobilya.com\/\">\n\t\t\t\t\t\t\t<img loading=\"lazy\" decoding=\"async\" width=\"1024\" height=\"126\" src=\"https:\/\/zazzamobilya.com\/wp-content\/uploads\/2023\/10\/Isimssssiz-1-1024x126.png\" class=\"attachment-large size-large wp-image-82\" alt=\"\" srcset=\"https:\/\/zazzamobilya.com\/wp-content\/uploads\/2023\/10\/Isimssssiz-1-1024x126.png 1024w, https:\/\/zazzamobilya.com\/wp-content\/uploads\/2023\/10\/Isimssssiz-1-300x37.png 300w, https:\/\/zazzamobilya.com\/wp-content\/uploads\/2023\/10\/Isimssssiz-1-768x94.png 768w, https:\/\/zazzamobilya.com\/wp-content\/uploads\/2023\/10\/Isimssssiz-1.png 1485w\" sizes=\"auto, (max-width: 1024px) 100vw, 1024px\" \/>\t\t\t\t\t\t\t\t<\/a>\n\t\t\t\t\t\t\t\t\t\t\t\t\t\t\t<\/div>\n\t\t\t\t<\/div>\n\t\t\t\t<\/div>\n\t\t\t\t\t<\/div>\n\t\t\t\t<\/div>\n\t\t<div class=\"elementor-element elementor-element-876ead2 e-flex e-con-boxed e-con e-parent\" data-id=\"876ead2\" data-element_type=\"container\" data-settings=\"{&quot;content_width&quot;:&quot;boxed&quot;}\" data-core-v316-plus=\"true\">\n\t\t\t\t\t<div class=\"e-con-inner\">\n\t\t\t\t<div class=\"elementor-element elementor-element-d719376 elementor-widget elementor-widget-image\" data-id=\"d719376\" data-element_type=\"widget\" data-widget_type=\"image.default\">\n\t\t\t\t<div class=\"elementor-widget-container\">\n\t\t\t\t\t\t\t\t\t\t\t\t\t\t\t<img loading=\"lazy\" decoding=\"async\" width=\"1024\" height=\"325\" src=\"https:\/\/zazzamobilya.com\/wp-content\/uploads\/2023\/10\/sdfdsfdfsdsf-1024x325.png\" class=\"attachment-large size-large wp-image-19\" alt=\"\" srcset=\"https:\/\/zazzamobilya.com\/wp-content\/uploads\/2023\/10\/sdfdsfdfsdsf-1024x325.png 1024w, https:\/\/zazzamobilya.com\/wp-content\/uploads\/2023\/10\/sdfdsfdfsdsf-300x95.png 300w, https:\/\/zazzamobilya.com\/wp-content\/uploads\/2023\/10\/sdfdsfdfsdsf-768x244.png 768w, https:\/\/zazzamobilya.com\/wp-content\/uploads\/2023\/10\/sdfdsfdfsdsf-1536x488.png 1536w, https:\/\/zazzamobilya.com\/wp-content\/uploads\/2023\/10\/sdfdsfdfsdsf.png 1762w\" sizes=\"auto, (max-width: 1024px) 100vw, 1024px\" \/>\t\t\t\t\t\t\t\t\t\t\t\t\t\t\t<\/div>\n\t\t\t\t<\/div>\n\t\t\t\t\t<\/div>\n\t\t\t\t<\/div>\n\t\t<div class=\"elementor-element elementor-element-dd0dbc6 e-flex e-con-boxed e-con e-parent\" data-id=\"dd0dbc6\" data-element_type=\"container\" data-settings=\"{&quot;content_width&quot;:&quot;boxed&quot;}\" data-core-v316-plus=\"true\">\n\t\t\t\t\t<div class=\"e-con-inner\">\n\t\t<div class=\"elementor-element elementor-element-2dc48dc e-con-full e-flex e-con e-child\" data-id=\"2dc48dc\" data-element_type=\"container\" data-settings=\"{&quot;content_width&quot;:&quot;full&quot;}\">\n\t\t\t\t<div class=\"elementor-element elementor-element-3b2d53a elementor-widget elementor-widget-text-editor\" data-id=\"3b2d53a\" data-element_type=\"widget\" data-widget_type=\"text-editor.default\">\n\t\t\t\t<div class=\"elementor-widget-container\">\n\t\t\t<style>\/*! elementor - v3.16.0 - 09-10-2023 *\/\n.elementor-widget-text-editor.elementor-drop-cap-view-stacked .elementor-drop-cap{background-color:#69727d;color:#fff}.elementor-widget-text-editor.elementor-drop-cap-view-framed .elementor-drop-cap{color:#69727d;border:3px solid;background-color:transparent}.elementor-widget-text-editor:not(.elementor-drop-cap-view-default) .elementor-drop-cap{margin-top:8px}.elementor-widget-text-editor:not(.elementor-drop-cap-view-default) .elementor-drop-cap-letter{width:1em;height:1em}.elementor-widget-text-editor .elementor-drop-cap{float:left;text-align:center;line-height:1;font-size:50px}.elementor-widget-text-editor .elementor-drop-cap-letter{display:inline-block}<\/style>\t\t\t\t<p><b>B\u0130Z<\/b><\/p>\t\t\t\t\t\t<\/div>\n\t\t\t\t<\/div>\n\t\t\t\t<div class=\"elementor-element elementor-element-bc41e5d elementor-widget elementor-widget-text-editor\" data-id=\"bc41e5d\" data-element_type=\"widget\" data-widget_type=\"text-editor.default\">\n\t\t\t\t<div class=\"elementor-widget-container\">\n\t\t\t\t\t\t\t<p><strong>Zazao\u011fullar\u0131<\/strong>, mobilya sekt\u00f6r\u00fcnde kaliteli \u00fcr\u00fcnleri, yarat\u0131c\u0131 tasar\u0131mlar\u0131 ve m\u00fc\u015fteri memnuniyetine odakl\u0131 hizmeti ile bilinen sekt\u00f6r\u00fcnde \u00f6nc\u00fc bir firmad\u0131r. \u0130nsanlar\u0131n ya\u015fam alanlar\u0131na estetik ve fonksiyonellik katmay\u0131 ama\u00e7layan <strong>Zazao\u011fullar\u0131<\/strong>, sekt\u00f6rdeki g\u00fc\u00e7l\u00fc varl\u0131\u011f\u0131 ile tan\u0131n\u0131r.<\/p><p>1985 y\u0131l\u0131nda aile \u015firketi olarak T\u00fcrkiye&#8217;nin mobilya kenti \u0130neg\u00f6l\u2019de 5 bin m2 alanda kurulan ve %100&#8217;\u00fc ihracata y\u00f6nelik olan firmam\u0131z; yenilik\u00e7i ve modern anlay\u0131\u015f\u0131 ile uzun y\u0131llard\u0131r mobilya firmas\u0131 olarak faaliyet g\u00f6stermektedir.<br \/>\u0130malat firmas\u0131n\u0131 da b\u00fcnyesinde bar\u0131nd\u0131rarak \u00fcretimde kaliteden \u00f6d\u00fcn vermeden d\u00fcnya pazar\u0131ndaki yerini geni\u015fletmeyi hedefleyen anlay\u0131\u015f ile b\u00fcy\u00fcmeye devam\u00a0etmektedir.<\/p>\t\t\t\t\t\t<\/div>\n\t\t\t\t<\/div>\n\t\t\t\t<\/div>\n\t\t<div class=\"elementor-element elementor-element-20a2758 e-con-full e-flex e-con e-child\" data-id=\"20a2758\" data-element_type=\"container\" data-settings=\"{&quot;content_width&quot;:&quot;full&quot;}\">\n\t\t\t\t<div class=\"elementor-element elementor-element-9a614aa elementor-widget elementor-widget-image\" data-id=\"9a614aa\" data-element_type=\"widget\" data-widget_type=\"image.default\">\n\t\t\t\t<div class=\"elementor-widget-container\">\n\t\t\t\t\t\t\t\t\t\t\t\t\t\t\t<img loading=\"lazy\" decoding=\"async\" width=\"1024\" height=\"683\" src=\"https:\/\/zazzamobilya.com\/wp-content\/uploads\/2023\/10\/file_16237538771-1024x683.jpg\" class=\"attachment-large size-large wp-image-21\" alt=\"\" srcset=\"https:\/\/zazzamobilya.com\/wp-content\/uploads\/2023\/10\/file_16237538771-1024x683.jpg 1024w, https:\/\/zazzamobilya.com\/wp-content\/uploads\/2023\/10\/file_16237538771-300x200.jpg 300w, https:\/\/zazzamobilya.com\/wp-content\/uploads\/2023\/10\/file_16237538771-768x512.jpg 768w, https:\/\/zazzamobilya.com\/wp-content\/uploads\/2023\/10\/file_16237538771.jpg 1200w\" sizes=\"auto, (max-width: 1024px) 100vw, 1024px\" \/>\t\t\t\t\t\t\t\t\t\t\t\t\t\t\t<\/div>\n\t\t\t\t<\/div>\n\t\t\t\t<\/div>\n\t\t\t\t\t<\/div>\n\t\t\t\t<\/div>\n\t\t<div class=\"elementor-element elementor-element-51a65d4 e-flex e-con-boxed e-con e-parent\" data-id=\"51a65d4\" data-element_type=\"container\" data-settings=\"{&quot;background_background&quot;:&quot;classic&quot;,&quot;content_width&quot;:&quot;boxed&quot;}\" data-core-v316-plus=\"true\">\n\t\t\t\t\t<div class=\"e-con-inner\">\n\t\t<div class=\"elementor-element elementor-element-452f9d2 e-con-full e-flex e-con e-child\" data-id=\"452f9d2\" data-element_type=\"container\" data-settings=\"{&quot;content_width&quot;:&quot;full&quot;}\">\n\t\t\t\t<div class=\"elementor-element elementor-element-f926e96 elementor-widget elementor-widget-text-editor\" data-id=\"f926e96\" data-element_type=\"widget\" data-widget_type=\"text-editor.default\">\n\t\t\t\t<div class=\"elementor-widget-container\">\n\t\t\t\t\t\t\t<p><strong>Geni\u015f \u00dcr\u00fcn Yelpazesi<\/strong><\/p>\t\t\t\t\t\t<\/div>\n\t\t\t\t<\/div>\n\t\t\t\t<\/div>\n\t\t<div class=\"elementor-element elementor-element-8504774 e-con-full e-flex e-con e-child\" data-id=\"8504774\" data-element_type=\"container\" data-settings=\"{&quot;content_width&quot;:&quot;full&quot;}\">\n\t\t\t\t<div class=\"elementor-element elementor-element-1c9cd2b elementor-widget elementor-widget-text-editor\" data-id=\"1c9cd2b\" data-element_type=\"widget\" data-widget_type=\"text-editor.default\">\n\t\t\t\t<div class=\"elementor-widget-container\">\n\t\t\t\t\t\t\t<p><strong>Tasar\u0131m ve \u0130novasyon<\/strong><\/p>\t\t\t\t\t\t<\/div>\n\t\t\t\t<\/div>\n\t\t\t\t<\/div>\n\t\t<div class=\"elementor-element elementor-element-c895f88 e-con-full e-flex e-con e-child\" data-id=\"c895f88\" data-element_type=\"container\" data-settings=\"{&quot;content_width&quot;:&quot;full&quot;}\">\n\t\t\t\t<div class=\"elementor-element elementor-element-e3bde8b elementor-widget elementor-widget-text-editor\" data-id=\"e3bde8b\" data-element_type=\"widget\" data-widget_type=\"text-editor.default\">\n\t\t\t\t<div class=\"elementor-widget-container\">\n\t\t\t\t\t\t\t<p><strong>Kalite ve Dayan\u0131kl\u0131l\u0131k<\/strong><\/p>\t\t\t\t\t\t<\/div>\n\t\t\t\t<\/div>\n\t\t\t\t<\/div>\n\t\t<div class=\"elementor-element elementor-element-1d0332b e-con-full e-flex e-con e-child\" data-id=\"1d0332b\" data-element_type=\"container\" data-settings=\"{&quot;content_width&quot;:&quot;full&quot;}\">\n\t\t\t\t<div class=\"elementor-element elementor-element-7567040 elementor-widget elementor-widget-text-editor\" data-id=\"7567040\" data-element_type=\"widget\" data-widget_type=\"text-editor.default\">\n\t\t\t\t<div class=\"elementor-widget-container\">\n\t\t\t\t\t\t\t<p><strong>M\u00fc\u015fteri Odakl\u0131 Hizmet<\/strong><\/p>\t\t\t\t\t\t<\/div>\n\t\t\t\t<\/div>\n\t\t\t\t<\/div>\n\t\t<div class=\"elementor-element elementor-element-d92129d e-con-full e-flex e-con e-child\" data-id=\"d92129d\" data-element_type=\"container\" data-settings=\"{&quot;content_width&quot;:&quot;full&quot;}\">\n\t\t\t\t<div class=\"elementor-element elementor-element-29094fb elementor-widget elementor-widget-text-editor\" data-id=\"29094fb\" data-element_type=\"widget\" data-widget_type=\"text-editor.default\">\n\t\t\t\t<div class=\"elementor-widget-container\">\n\t\t\t\t\t\t\t<p><strong>\u00c7evre Duyarl\u0131l\u0131\u011f\u0131<\/strong><\/p>\t\t\t\t\t\t<\/div>\n\t\t\t\t<\/div>\n\t\t\t\t<\/div>\n\t\t\t\t\t<\/div>\n\t\t\t\t<\/div>\n\t\t<div class=\"elementor-element elementor-element-13e97e3 e-flex e-con-boxed e-con e-parent\" data-id=\"13e97e3\" data-element_type=\"container\" data-settings=\"{&quot;content_width&quot;:&quot;boxed&quot;}\" data-core-v316-plus=\"true\">\n\t\t\t\t\t<div class=\"e-con-inner\">\n\t\t<div class=\"elementor-element elementor-element-8a227ae e-con-full e-flex e-con e-child\" data-id=\"8a227ae\" data-element_type=\"container\" data-settings=\"{&quot;content_width&quot;:&quot;full&quot;}\">\n\t\t\t\t<div class=\"elementor-element elementor-element-4718a6c elementor-widget elementor-widget-text-editor\" data-id=\"4718a6c\" data-element_type=\"widget\" data-widget_type=\"text-editor.default\">\n\t\t\t\t<div class=\"elementor-widget-container\">\n\t\t\t\t\t\t\t<p><strong>Bize Ula\u015f\u0131n<\/strong><\/p>\t\t\t\t\t\t<\/div>\n\t\t\t\t<\/div>\n\t\t\t\t<div class=\"elementor-element elementor-element-b4a5b3d elementor-icon-list--layout-traditional elementor-list-item-link-full_width elementor-widget elementor-widget-icon-list\" data-id=\"b4a5b3d\" data-element_type=\"widget\" data-widget_type=\"icon-list.default\">\n\t\t\t\t<div class=\"elementor-widget-container\">\n\t\t\t<link rel=\"stylesheet\" href=\"https:\/\/zazzamobilya.com\/wp-content\/plugins\/elementor\/assets\/css\/widget-icon-list.min.css\">\t\t<ul class=\"elementor-icon-list-items\">\n\t\t\t\t\t\t\t<li class=\"elementor-icon-list-item\">\n\t\t\t\t\t\t\t\t\t\t\t<span class=\"elementor-icon-list-icon\">\n\t\t\t\t\t\t\t<i aria-hidden=\"true\" class=\"fas fa-phone-alt\"><\/i>\t\t\t\t\t\t<\/span>\n\t\t\t\t\t\t\t\t\t\t<span class=\"elementor-icon-list-text\">+90 (224) 712 04 20<\/span>\n\t\t\t\t\t\t\t\t\t<\/li>\n\t\t\t\t\t\t\t\t<li class=\"elementor-icon-list-item\">\n\t\t\t\t\t\t\t\t\t\t\t<span class=\"elementor-icon-list-icon\">\n\t\t\t\t\t\t\t<i aria-hidden=\"true\" class=\"fas fa-envelope\"><\/i>\t\t\t\t\t\t<\/span>\n\t\t\t\t\t\t\t\t\t\t<span class=\"elementor-icon-list-text\">zaza-muhasebe@hotmail.com<\/span>\n\t\t\t\t\t\t\t\t\t<\/li>\n\t\t\t\t\t\t\t\t<li class=\"elementor-icon-list-item\">\n\t\t\t\t\t\t\t\t\t\t\t<span class=\"elementor-icon-list-icon\">\n\t\t\t\t\t\t\t<i aria-hidden=\"true\" class=\"fas fa-check\"><\/i>\t\t\t\t\t\t<\/span>\n\t\t\t\t\t\t\t\t\t\t<span class=\"elementor-icon-list-text\">Mesudiye Mah. 33. Mobilya Sk. No:9 \u0130neg\u00f6l \/ BURSA<\/span>\n\t\t\t\t\t\t\t\t\t<\/li>\n\t\t\t\t\t\t<\/ul>\n\t\t\t\t<\/div>\n\t\t\t\t<\/div>\n\t\t\t\t<\/div>\n\t\t<div class=\"elementor-element elementor-element-10635b1 e-con-full e-flex e-con e-child\" data-id=\"10635b1\" data-element_type=\"container\" data-settings=\"{&quot;content_width&quot;:&quot;full&quot;}\">\n\t\t\t\t<div class=\"elementor-element elementor-element-6aaf5e0 elementor-widget elementor-widget-google_maps\" data-id=\"6aaf5e0\" data-element_type=\"widget\" data-widget_type=\"google_maps.default\">\n\t\t\t\t<div class=\"elementor-widget-container\">\n\t\t\t<style>\/*! elementor - v3.16.0 - 09-10-2023 *\/\n.elementor-widget-google_maps .elementor-widget-container{overflow:hidden}.elementor-widget-google_maps .elementor-custom-embed{line-height:0}.elementor-widget-google_maps iframe{height:300px}<\/style>\t\t<div class=\"elementor-custom-embed\">\n\t\t\t<iframe loading=\"lazy\"\n\t\t\t\t\tsrc=\"https:\/\/maps.google.com\/maps?q=zazza%20mobilya&#038;t=m&#038;z=15&#038;output=embed&#038;iwloc=near\"\n\t\t\t\t\ttitle=\"zazza mobilya\"\n\t\t\t\t\taria-label=\"zazza mobilya\"\n\t\t\t><\/iframe>\n\t\t<\/div>\n\t\t\t\t<\/div>\n\t\t\t\t<\/div>\n\t\t\t\t<\/div>\n\t\t\t\t\t<\/div>\n\t\t\t\t<\/div>\n\t\t<div class=\"elementor-element elementor-element-78a2eda e-flex e-con-boxed e-con e-parent\" data-id=\"78a2eda\" data-element_type=\"container\" data-settings=\"{&quot;background_background&quot;:&quot;classic&quot;,&quot;content_width&quot;:&quot;boxed&quot;}\" data-core-v316-plus=\"true\">\n\t\t\t\t\t<div class=\"e-con-inner\">\n\t\t<div class=\"elementor-element elementor-element-ad434d8 e-con-full e-flex e-con e-child\" data-id=\"ad434d8\" data-element_type=\"container\" data-settings=\"{&quot;content_width&quot;:&quot;full&quot;}\">\n\t\t\t\t<div class=\"elementor-element elementor-element-74a4111 elementor-widget elementor-widget-text-editor\" data-id=\"74a4111\" data-element_type=\"widget\" data-widget_type=\"text-editor.default\">\n\t\t\t\t<div class=\"elementor-widget-container\">\n\t\t\t\t\t\t\tTasar\u0131m: <a style=\"color: orange;\" href=\"https:\/\/www.allinajans.com\"><b>Allin Ajans<\/b><\/a>\t\t\t\t\t\t\t<\/div>\n\t\t\t\t<\/div>\n\t\t\t\t<\/div>\n\t\t<div class=\"elementor-element elementor-element-dc14481 e-con-full e-flex e-con e-child\" data-id=\"dc14481\" data-element_type=\"container\" data-settings=\"{&quot;content_width&quot;:&quot;full&quot;}\">\n\t\t\t\t<div class=\"elementor-element elementor-element-981b8d3 elementor-widget elementor-widget-text-editor\" data-id=\"981b8d3\" data-element_type=\"widget\" data-widget_type=\"text-editor.default\">\n\t\t\t\t<div class=\"elementor-widget-container\">\n\t\t\t\t\t\t\t\u00c7\u00f6z\u00fcm Orta\u011f\u0131: <a style=\"color: orange;\" href=\"https:\/\/www.nicebilisim.com\"><b>Nice Bili\u015fim ve G\u00fcvenlik Sistemleri<\/b><\/a>\t\t\t\t\t\t<\/div>\n\t\t\t\t<\/div>\n\t\t\t\t<\/div>\n\t\t\t\t\t<\/div>\n\t\t\t\t<\/div>\n\t\t\t\t\t\t\t<\/div>\n\t\t","protected":false},"excerpt":{"rendered":"<p>B\u0130Z Zazao\u011fullar\u0131, mobilya sekt\u00f6r\u00fcnde kaliteli \u00fcr\u00fcnleri, yarat\u0131c\u0131 tasar\u0131mlar\u0131 ve m\u00fc\u015fteri memnuniyetine odakl\u0131 hizmeti ile bilinen sekt\u00f6r\u00fcnde \u00f6nc\u00fc bir firmad\u0131r. \u0130nsanlar\u0131n ya\u015fam alanlar\u0131na estetik ve fonksiyonellik katmay\u0131 ama\u00e7layan Zazao\u011fullar\u0131, sekt\u00f6rdeki g\u00fc\u00e7l\u00fc varl\u0131\u011f\u0131 ile tan\u0131n\u0131r. 1985 y\u0131l\u0131nda aile \u015firketi olarak T\u00fcrkiye&#8217;nin mobilya kenti \u0130neg\u00f6l\u2019de 5 bin m2 alanda kurulan ve %100&#8217;\u00fc ihracata y\u00f6nelik olan firmam\u0131z; yenilik\u00e7i ve [&hellip;]<\/p>\n","protected":false},"author":1,"featured_media":0,"parent":0,"menu_order":0,"comment_status":"closed","ping_status":"closed","template":"elementor_canvas","meta":{"footnotes":""},"class_list":["post-9","page","type-page","status-publish","hentry"],"_links":{"self":[{"href":"https:\/\/zazzamobilya.com\/index.php\/wp-json\/wp\/v2\/pages\/9","targetHints":{"allow":["GET"]}}],"collection":[{"href":"https:\/\/zazzamobilya.com\/index.php\/wp-json\/wp\/v2\/pages"}],"about":[{"href":"https:\/\/zazzamobilya.com\/index.php\/wp-json\/wp\/v2\/types\/page"}],"author":[{"embeddable":true,"href":"https:\/\/zazzamobilya.com\/index.php\/wp-json\/wp\/v2\/users\/1"}],"replies":[{"embeddable":true,"href":"https:\/\/zazzamobilya.com\/index.php\/wp-json\/wp\/v2\/comments?post=9"}],"version-history":[{"count":76,"href":"https:\/\/zazzamobilya.com\/index.php\/wp-json\/wp\/v2\/pages\/9\/revisions"}],"predecessor-version":[{"id":91,"href":"https:\/\/zazzamobilya.com\/index.php\/wp-json\/wp\/v2\/pages\/9\/revisions\/91"}],"wp:attachment":[{"href":"https:\/\/zazzamobilya.com\/index.php\/wp-json\/wp\/v2\/media?parent=9"}],"curies":[{"name":"wp","href":"https:\/\/api.w.org\/{rel}","templated":true}]}}